{"id":9,"date":"2019-03-19T17:35:42","date_gmt":"2019-03-19T17:35:42","guid":{"rendered":"https:\/\/mein-schiff-mit-kind.de\/?page_id=9"},"modified":"2019-04-10T15:48:59","modified_gmt":"2019-04-10T15:48:59","slug":"mein-schiff-mit-teens","status":"publish","type":"page","link":"https:\/\/mein-schiff-mit-kind.de\/?page_id=9","title":{"rendered":"Mein Schiff mit Teens"},"content":{"rendered":"<p>Gerade mit Jugendlichen auf dem Sprung zum Erwachsensein ist die Urlaubsplanung nicht immer ganz unproblematisch. Oft haben sie ihre ganz eigenen Vorstellungen, die sich nur schwer mit dem Erholungsbed\u00fcrfnis der Eltern vereinbaren lassen. Eine Kreuzfahrt auf der Mein Schiff Flotte jedoch h\u00e4lt Angebote f\u00fcr die ganze Familie bereit. Sie sorgen auch bei der fast erwachsenen Jugend daf\u00fcr, dass sich die Werte des Stimmungsbarometers stets im optimalen Bereich befinden. Erfahren Sie, welche Verg\u00fcnstigungen es f\u00fcr Teenager bei Mein Schiff gibt, was ihnen geboten wird und welche Regeln an Bord gelten.<\/p>\n<p><strong>Wie teuer ist es Teens mitzunehmen?<\/strong><\/p>\n<p>Oft zahlen Kinder, sobald sie das Teenager-Alter erreicht haben, den vollen Preis. Bei Mein Schiff ist das anders: Teens profitieren auch hier auch weiterhin von Preisnachl\u00e4ssen, wenn sie unter 15 Jahre alt sind. So k\u00f6nnen es sich Jugendliche bis einschlie\u00dflich 14 Jahren als dritte, vierte, f\u00fcnfte oder sechste Personen in der Kabine auf einem Extrabett gem\u00fctlich machen. Daf\u00fcr wird je nach Kreuzfahrt ein Reisepreis von lediglich 40 bis 210 Euro f\u00e4llig. F\u00fcr Teens jedoch, die es bevorzugen, in ihrem eigenen Reich zu residieren, muss bei immer noch sehr g\u00fcnstigen Konditionen etwas tiefer in die Tasche gegriffen werden. Belegen sie n\u00e4mlich bis zum vollendeten 15. Lebensjahr das erste oder zweite Bett in einer Kabine, k\u00f6nnen sie au\u00dfer in Suiten und Junior-Suiten eine Kindererm\u00e4\u00dfigung von immerhin rund 25 bis 35 Prozent in Anspruch nehmen.<\/p>\n<p>Tipp: Auf der gesamten Mein Schiff Flotte stehen spezielle Familienkabinen zur Auswahl. Es gibt sie als Au\u00dfenkabine, als Kabine mit Balkon und sogar in einer Deluxe-Ausf\u00fchrung mit Veranda. Als familienfreundliches Extra mit dabei ist in diesen Kabinen eine Spielkonsole. Es lohnt sich also, bei der Buchung auf das Angebot an Familienkabinen zu achten. Leider sind diese immer schnell vergeben. Besonders beliebt bei gr\u00f6\u00dferen Kids und Teens sind Familienkabinen mit zwei durch eine Verbindungst\u00fcre abgetrennten Bereichen.<\/p>\n<p><strong>G\u00fcnstiger wird es f\u00fcr Teenager oft auch bei der An- und Abreise:<\/strong><\/p>\n<ul>\n<li>Mit dem Flugzeug gilt f\u00fcr Teens, die nicht \u00e4lter als 14 Jahre sind, immer noch der Kinderfestpreis. Je nach Ziel und Zeitpunkt der Reise kann seine H\u00f6he schwanken.<\/li>\n<li>Im Transferbus der TUI Cruises gibt es f\u00fcr Jugendliche bis 14 Jahre einen Preisnachlass von 50 Prozent.<\/li>\n<li>Auf allen Strecken der Deutschen Bahn werden Teenager bis 14 Jahre in der 1. und 2. Klasse kostenlos zum und vom Kreuzfahrthafen bef\u00f6rdert, wenn die Eltern oder Gro\u00dfeltern mit dabei sind.<\/li>\n<\/ul>\n<p><strong>Welche Angebote gibt es an Bord f\u00fcr Teenager?<\/strong><\/p>\n<p>Das Erfolgskonzept einer Mein Schiff Kreuzfahrt besteht auch darin, dass hier alle Altersgruppen voll und ganz auf ihre Kosten kommen. Das schlie\u00dft die gelegentlich nicht ganz so einfache Gruppe der Teenager ein. Eine Mein Schiff Kreuzfahrt ist daher f\u00fcr Familien mit Jugendlichen, die immer mehr selbstst\u00e4ndig ihren eigenen Interessen folgen, die ideale Wahl.<\/p>\n<p>Vom ersten Moment an finden Teens hier genau die Angebote, die f\u00fcr sie zu einem gelungenen Schiffs-Aufenthalt geh\u00f6ren. Dazu geh\u00f6rt nat\u00fcrlich auch eine Teenager-kompatible Auswahl an Speisen. Nat\u00fcrlich stehen hier Burger, Pasta und Pizza ganz oben auf der Wunschliste. Aber auch Softdrinks und Speiseeis werden an Bord in vielen Caf\u00e9s und Restaurants geboten. So k\u00f6nnen sich Teens die Reise schmecken lassen und die Eltern brauchen kein beschleunigtes Dahinschmelzen der Reisekasse zu bef\u00fcrchten. Sie profitieren vom Premium Alles Inklusive-Konzept, bei dem die meisten Speisen und Getr\u00e4nke an Bord kostenlos erh\u00e4ltlich sind.<\/p>\n<p>Klar, dass bei soviel Schlemmerei ein sportlicher Ausgleich geschaffen werden muss. Dazu stehen der Pool-Bereich sowie zahlreiche Sport- und Wellness-Angebote auch f\u00fcr Teenager bereit. Au\u00dferdem gibt es vielf\u00e4ltige Unterhaltungsangebote an Bord. Auf Mein Schiff 1 und Mein Schiff 6 geh\u00f6rt dazu auch ein trendiger Escape Room. Bei diesem brandneuen Konzept geht es darum, durch gemeinschaftliche Anstrengungen eine Flucht aus misslicher Lage zu organisieren oder auch eine bedrohliche Situation zu meistern. Ein Spielspa\u00df insbesondere f\u00fcr Jugendliche sowie jung gebliebene Erwachsene.<\/p>\n<p>Mit einem Videogames-Spielplatz begeistern zudem Mein Schiff 3, 4, 5 und 6. Hier stehen an hervorragend ausgestatteten Konsolen mit gro\u00dfen Bildschirmen die aktuellsten Computer-Games zur Verf\u00fcgung. Au\u00dferdem gibt es die M\u00f6glichkeit, bereitstehende Brett- und Kartenspiele zu nutzen. Dazu kommt auf allen Schiffen von TUI Cruises die legend\u00e4re Sturmfrei-Teenslounge &#8230;<\/p>\n<p><strong>Was wird in der Teenslounge geboten?<\/strong><\/p>\n<p>Der Meetingpoint f\u00fcr Jugendliche auf Mein Schiff ist die Sturmfrei-Teenslounge. In ihr genie\u00dfen sie als &#8218;<strong>Mantas<\/strong>&#8218; im Alter zwischen 12 und 13 Jahren sowie als 14- bis 17-j\u00e4hrige &#8218;<strong>Teens<\/strong>&#8218; eine elternfreie Zeit. Diesen bleibt der Zutritt zur Teenslounge n\u00e4mlich verwehrt. Teenager k\u00f6nnen sich hier also in stylischer Clubatmosph\u00e4re ganz ungest\u00f6rt zum Chillen treffen. Dazu steht ihnen die Teenslounge von 10:00 Uhr morgens bis 01:00 Uhr in der Nacht offen.<\/p>\n<p>Kultstatus unter Jugendlichen genie\u00dfen au\u00dferdem die professionell entwickelten Workshops der Teenslounge, bei denen Kreativit\u00e4t und Action im Vordergrund stehen. Des weiteren organisiert das Betreuerteam der Teenslounge ein spannendes Ausflugsprogramm, zu dem unter anderem attraktive Bike- und Beach-Events z\u00e4hlen.<\/p>\n<p>Das Stammlokal der &#8218;Mantas&#8216; und &#8218;Teens&#8216; in der Teenslounge ist \u00fcbrigens das Buffet-Restaurant Anckelmannsplatz. Hier treffen sie sich zum gemeinsamen Mittag- sowie Abendessen, an dem auch die Betreuer teilnehmen.<\/p>\n<p>Tipp: Das Workshop- und Ausflugsprogramm Ihrer Mein Schiff Kreuzfahrt k\u00f6nnen sie schon im Vorfeld auf dem Meine Reise Portal einsehen. Hier ist es auch m\u00f6glich, gew\u00fcnschte Veranstaltungen zu buchen.<\/p>\n<p><strong>Gibt es Betreuung an Bord?<\/strong><\/p>\n<p>Die Betreuung an Bord \u00fcbernehmen ebenso geschulte wie engagierte Mitarbeiter. Sie gewinnen die Sympathie der Teens im Sturm. Au\u00dferhalb der Ferienzeiten dr\u00fccken &#8218;Mantas&#8216; und &#8218;Teens&#8216; allerdings in der Regel die Schulbank. Daher finden das Betreuungsprogramm f\u00fcr Jugendliche sowie alle damit verbundenen Angebote und Veranstaltungen nur dann statt, wenn in den Schulen der deutschen Bundesl\u00e4nder offiziell Ferien angesagt sind.<\/p>\n<p>Gleich zu Beginn jeder Kreuzfahrt steht \u00fcbrigens eine Veranstaltung zur Familieninformation auf dem Tagesprogramm. Hier haben Eltern und andere Erziehungsberechtigte auch die M\u00f6glichkeit, das Betreuungsteam der Teenslounge kennenzulernen.<\/p>\n<p><strong>Welche Jugendschutzgesetze gelten an Bord? (Alkohol, Rauchen etc)<\/strong><\/p>\n<p>An Bord aller Schiffe der Mein Schiff Flotte gelten die deutschen Jugendschutzgesetze. Ihre Regelungen sind auch verbindlich in Bezug auf die Abgabe von Alkohol an Jugendliche sowie seinen Genuss. Das Rauchen ist Jugendlichen an Bord grunds\u00e4tzlich untersagt. Die gesamte Crew ist angewiesen, auf die Einhaltung der Jugendschutzgesetze zu achten.<\/p>\n<p>Au\u00dferdem haben Jugendliche keinen Einlass in das Casino &amp; Lounge. Tabu sind f\u00fcr Teenager auch die Automaten in der Unschlag Bar sowie die Bingo-Veranstaltung.<\/p>\n<p><strong>Was darf ein Teenager auf Mein Schiff?<\/strong><\/p>\n<p>Im Vordergrund stehen aber die Freiheiten, die Teenager auf der Mein Schiff Flotte genie\u00dfen. So d\u00fcrfen Jugendliche ab 14 Jahren im Sport- und Fitnessbereich an den Cardioger\u00e4ten trainieren so wie an Fitnesskursen teilnehmen. Daf\u00fcr ist lediglich das Einverst\u00e4ndnis eines Erziehungsberechtigten erforderlich. Diese Erlaubnis ben\u00f6tigen die \u00fcber 16-J\u00e4hrigen auch, wenn Sie die Kraftger\u00e4te nutzen wollen.<\/p>\n<p>Die Saunen k\u00f6nnen Teenager ab 12 Jahren in Begleitung eines Erziehungsberechtigten besuchen. Teens ab 14 Jahre d\u00fcrfen den Saunagang auch alleine genie\u00dfen.<\/p>\n<p>Die 12- bis 15-J\u00e4hrigen k\u00f6nnen mit elterlicher Erlaubnis an bestimmten Landausfl\u00fcgen teilnehmen. Auf eigene Faust d\u00fcrfen sie jedoch noch keine Ausfl\u00fcge unternehmen. Den 16- und 17-J\u00e4hrigen hingegen ist das erlaubt, falls eine schriftliche Erlaubnis durch ihre Erziehungsberechtigten pers\u00f6nlich an der Rezeption hinterlegt worden ist.<\/p>\n<p><strong>D\u00fcrfen Teenager in die Bars und Diskotheken?<\/strong><\/p>\n<p>F\u00fcr Jugendliche unter 16 Jahren gilt, dass Bars und Diskotheken wie die Himmel &amp; Meer Lounge oder die Abtanz Bar nur in Begleitung eines Erziehungsberechtigten besucht werden d\u00fcrfen. Das kann aber auch ein erwachsener Erziehungsbeauftragter sein, der von den Eltern benannt wurde. Das dazu erforderliche Formular h\u00e4lt die Rezeption bereit. Ab 16 Jahren sind Teenager auch alleine in den Discos an Bord willkommen &#8211; allerdings nur bis Mitternacht. Danach d\u00fcrfen auch die \u00fcber 16-j\u00e4hrigen aber noch nicht vollj\u00e4hrigen Teens lediglich in Begleitung eines Erziehungsberechtigten oder -beauftragten bleiben.<\/p>\n<p><strong>Was kosten Landausfl\u00fcge f\u00fcr Teenager?<\/strong><\/p>\n<p>Bis zum Alter von 14 Jahren zahlen auch Jugendliche f\u00fcr die meisten Landausfl\u00fcge einen erm\u00e4\u00dfigten Kinderpreis. In den Angebotsseiten auf dem Meine Reise Portal sind sie gesondert vom Erwachsenenpreis aufgef\u00fchrt. Besonders in Betracht d\u00fcrften hier Familienausfl\u00fcge sowie familiengeeignete Ausfl\u00fcge kommen. F\u00fcr spezielle Teenager-Ausfl\u00fcge gibt es allerdings keine verg\u00fcnstigten Preise. Sie werden von der Teenslounge veranstaltet und finden nur w\u00e4hrend der Schulferien in Deutschland statt. Dar\u00fcber hinaus ist bei einigen weiteren Angeboten kein Kinderpreis ausgewiesen. Hierbei handelt es sich um Landausfl\u00fcge, die erst ab einem bestimmten Alter oder auch einer bestimmten K\u00f6rpergr\u00f6\u00dfe geeignet sind. Insbesondere f\u00fcr j\u00fcngere Teenager kommen sie in der Regel nicht in Frage.<\/p>\n<p>Tipp: Was an Bord angesagt ist, erfahren Teenager schon beim Check-In. Hier erhalten sie n\u00e4mlich die eigens f\u00fcr sie verfasste Bordzeitung &#8218;Flaschenpost&#8216;.<\/p>\n","protected":false},"excerpt":{"rendered":"<p>Gerade mit Jugendlichen auf dem Sprung zum Erwachsensein ist die Urlaubsplanung nicht immer ganz unproblematisch. Oft haben sie ihre ganz eigenen Vorstellungen, die sich nur schwer mit dem Erholungsbed\u00fcrfnis der Eltern vereinbaren lassen. Eine Kreuzfahrt auf der Mein Schiff Flotte jedoch h\u00e4lt Angebote f\u00fcr die ganze Familie bereit. Sie sorgen auch bei der fast erwachsenen Jugend daf\u00fcr, dass sich die Werte des Stimmungsbarometers stets im optimalen Bereich befinden. Erfahren Sie, welche Verg\u00fcnstigungen es f\u00fcr Teenager bei Mein Schiff gibt, was ihnen geboten wird und welche Regeln an Bord gelten. Wie teuer ist es Teens mitzunehmen? Oft zahlen Kinder, sobald sie das Teenager-Alter erreicht haben, den vollen Preis. Bei Mein Schiff ist das anders: Teens profitieren auch hier auch weiterhin von Preisnachl\u00e4ssen, wenn sie unter 15 Jahre alt sind. So k\u00f6nnen es sich Jugendliche bis einschlie\u00dflich 14 Jahren als dritte, vierte, f\u00fcnfte oder sechste Personen in der Kabine auf einem Extrabett gem\u00fctlich machen. Daf\u00fcr wird je nach Kreuzfahrt ein Reisepreis von lediglich 40 bis 210 Euro f\u00e4llig. F\u00fcr Teens jedoch, die es bevorzugen, in ihrem eigenen Reich zu residieren, muss bei immer noch sehr g\u00fcnstigen Konditionen etwas tiefer in die Tasche gegriffen werden. Belegen sie n\u00e4mlich bis zum vollendeten 15. Lebensjahr das erste oder zweite Bett in einer Kabine, k\u00f6nnen sie au\u00dfer in Suiten und Junior-Suiten eine Kindererm\u00e4\u00dfigung von immerhin rund 25 bis 35 Prozent in Anspruch nehmen. Tipp: Auf der gesamten Mein Schiff Flotte stehen spezielle Familienkabinen zur Auswahl. Es gibt sie als Au\u00dfenkabine, als Kabine mit Balkon und sogar in einer Deluxe-Ausf\u00fchrung mit Veranda. Als familienfreundliches Extra mit dabei ist in diesen Kabinen eine Spielkonsole. Es lohnt sich also, bei der Buchung auf das Angebot an Familienkabinen zu achten. Leider sind diese immer schnell vergeben. Besonders beliebt bei gr\u00f6\u00dferen Kids und Teens sind Familienkabinen mit zwei durch eine Verbindungst\u00fcre abgetrennten Bereichen. G\u00fcnstiger wird es f\u00fcr Teenager oft auch bei der An- und Abreise: Mit dem Flugzeug gilt f\u00fcr Teens, die nicht \u00e4lter als 14 Jahre sind, immer noch der Kinderfestpreis. Je nach Ziel und Zeitpunkt der Reise kann seine H\u00f6he schwanken. Im Transferbus der TUI Cruises gibt es f\u00fcr Jugendliche bis 14 Jahre einen Preisnachlass von 50 Prozent. Auf allen Strecken der Deutschen Bahn werden Teenager bis 14 Jahre in der 1. und 2. Klasse kostenlos zum und vom Kreuzfahrthafen bef\u00f6rdert, wenn die Eltern oder Gro\u00dfeltern mit dabei sind. Welche Angebote gibt es an Bord f\u00fcr Teenager? Das Erfolgskonzept einer Mein Schiff Kreuzfahrt besteht auch darin, dass hier alle Altersgruppen voll und ganz auf ihre Kosten kommen. Das schlie\u00dft die gelegentlich nicht ganz so einfache Gruppe der Teenager ein. Eine Mein Schiff Kreuzfahrt ist daher f\u00fcr Familien mit Jugendlichen, die immer mehr selbstst\u00e4ndig ihren eigenen Interessen folgen, die ideale Wahl. Vom ersten Moment an finden Teens hier genau die Angebote, die f\u00fcr sie zu einem gelungenen Schiffs-Aufenthalt geh\u00f6ren. Dazu geh\u00f6rt nat\u00fcrlich auch eine Teenager-kompatible Auswahl an Speisen. Nat\u00fcrlich stehen hier Burger, Pasta und Pizza ganz oben auf der Wunschliste. Aber auch Softdrinks und Speiseeis werden an Bord in vielen Caf\u00e9s und Restaurants geboten. So k\u00f6nnen sich Teens die Reise schmecken lassen und die Eltern brauchen kein beschleunigtes Dahinschmelzen der Reisekasse zu bef\u00fcrchten. Sie profitieren vom Premium Alles Inklusive-Konzept, bei dem die meisten Speisen und Getr\u00e4nke an Bord kostenlos erh\u00e4ltlich sind. Klar, dass bei soviel Schlemmerei ein sportlicher Ausgleich geschaffen werden muss. Dazu stehen der Pool-Bereich sowie zahlreiche Sport- und Wellness-Angebote auch f\u00fcr Teenager bereit. Au\u00dferdem gibt es vielf\u00e4ltige Unterhaltungsangebote an Bord. Auf Mein Schiff 1 und Mein Schiff 6 geh\u00f6rt dazu auch ein trendiger Escape Room. Bei diesem brandneuen Konzept geht es darum, durch gemeinschaftliche Anstrengungen eine Flucht aus misslicher Lage zu organisieren oder auch eine bedrohliche Situation zu meistern. Ein Spielspa\u00df insbesondere f\u00fcr Jugendliche sowie jung gebliebene Erwachsene. Mit einem Videogames-Spielplatz begeistern zudem Mein Schiff 3, 4, 5 und 6. Hier stehen an hervorragend ausgestatteten Konsolen mit gro\u00dfen Bildschirmen die aktuellsten Computer-Games zur Verf\u00fcgung. Au\u00dferdem gibt es die M\u00f6glichkeit, bereitstehende Brett- und Kartenspiele zu nutzen. Dazu kommt auf allen Schiffen von TUI Cruises die legend\u00e4re Sturmfrei-Teenslounge &#8230; Was wird in der Teenslounge geboten? Der Meetingpoint f\u00fcr Jugendliche auf Mein Schiff ist die Sturmfrei-Teenslounge. In ihr genie\u00dfen sie als &#8218;Mantas&#8218; im Alter zwischen 12 und 13 Jahren sowie als 14- bis 17-j\u00e4hrige &#8218;Teens&#8218; eine elternfreie Zeit. Diesen bleibt der Zutritt zur Teenslounge n\u00e4mlich verwehrt. Teenager k\u00f6nnen sich hier also in stylischer Clubatmosph\u00e4re ganz ungest\u00f6rt zum Chillen treffen. Dazu steht ihnen die Teenslounge von 10:00 Uhr morgens bis 01:00 Uhr in der Nacht offen. Kultstatus unter Jugendlichen genie\u00dfen au\u00dferdem die professionell entwickelten Workshops der Teenslounge, bei denen Kreativit\u00e4t und Action im Vordergrund stehen. Des weiteren organisiert das Betreuerteam der Teenslounge ein spannendes Ausflugsprogramm, zu dem unter anderem attraktive Bike- und Beach-Events z\u00e4hlen. Das Stammlokal der &#8218;Mantas&#8216; und &#8218;Teens&#8216; in der Teenslounge ist \u00fcbrigens das Buffet-Restaurant Anckelmannsplatz. Hier treffen sie sich zum gemeinsamen Mittag- sowie Abendessen, an dem auch die Betreuer teilnehmen. Tipp: Das Workshop- und Ausflugsprogramm Ihrer Mein Schiff Kreuzfahrt k\u00f6nnen sie schon im Vorfeld auf dem Meine Reise Portal einsehen. Hier ist es auch m\u00f6glich, gew\u00fcnschte Veranstaltungen zu buchen. Gibt es Betreuung an Bord? Die Betreuung an Bord \u00fcbernehmen ebenso geschulte wie engagierte Mitarbeiter. Sie gewinnen die Sympathie der Teens im Sturm. Au\u00dferhalb der Ferienzeiten dr\u00fccken &#8218;Mantas&#8216; und &#8218;Teens&#8216; allerdings in der Regel die Schulbank. Daher finden das Betreuungsprogramm f\u00fcr Jugendliche sowie alle damit verbundenen Angebote und Veranstaltungen nur dann statt, wenn in den Schulen der deutschen Bundesl\u00e4nder offiziell Ferien angesagt sind. Gleich zu Beginn jeder Kreuzfahrt steht \u00fcbrigens eine Veranstaltung zur Familieninformation auf dem Tagesprogramm. Hier haben Eltern und andere Erziehungsberechtigte auch die M\u00f6glichkeit, das Betreuungsteam der Teenslounge kennenzulernen. Welche Jugendschutzgesetze gelten an Bord? (Alkohol, Rauchen etc) An Bord aller Schiffe der Mein Schiff Flotte gelten die deutschen Jugendschutzgesetze. Ihre Regelungen sind auch verbindlich in Bezug auf die Abgabe von Alkohol an Jugendliche sowie seinen Genuss. Das Rauchen ist Jugendlichen an Bord grunds\u00e4tzlich untersagt. Die gesamte Crew ist angewiesen, auf die Einhaltung der Jugendschutzgesetze zu achten. Au\u00dferdem haben Jugendliche keinen Einlass in das Casino &amp; Lounge. Tabu sind f\u00fcr Teenager auch die Automaten in der Unschlag Bar sowie die Bingo-Veranstaltung. Was darf ein Teenager auf Mein Schiff? Im Vordergrund stehen aber die Freiheiten, die Teenager auf der Mein Schiff Flotte genie\u00dfen. So d\u00fcrfen Jugendliche ab 14 Jahren im Sport- und Fitnessbereich an den Cardioger\u00e4ten trainieren so wie an Fitnesskursen teilnehmen. Daf\u00fcr ist lediglich das Einverst\u00e4ndnis eines Erziehungsberechtigten erforderlich. Diese Erlaubnis ben\u00f6tigen die \u00fcber 16-J\u00e4hrigen auch, wenn Sie die Kraftger\u00e4te nutzen wollen. Die Saunen k\u00f6nnen Teenager ab 12 Jahren in Begleitung eines Erziehungsberechtigten besuchen. Teens ab 14 Jahre d\u00fcrfen den Saunagang auch alleine genie\u00dfen. Die 12- bis 15-J\u00e4hrigen k\u00f6nnen mit elterlicher Erlaubnis an bestimmten Landausfl\u00fcgen teilnehmen. Auf eigene Faust d\u00fcrfen sie jedoch noch keine Ausfl\u00fcge unternehmen. Den 16- und 17-J\u00e4hrigen hingegen ist das erlaubt, falls eine schriftliche Erlaubnis durch ihre Erziehungsberechtigten pers\u00f6nlich an der Rezeption hinterlegt worden ist. D\u00fcrfen Teenager in die Bars und Diskotheken? F\u00fcr Jugendliche unter 16 Jahren gilt, dass Bars und Diskotheken wie die Himmel &amp; Meer Lounge oder die Abtanz Bar nur in Begleitung eines Erziehungsberechtigten besucht werden d\u00fcrfen. Das kann aber auch ein erwachsener Erziehungsbeauftragter sein, der von den Eltern benannt wurde. Das dazu erforderliche Formular h\u00e4lt die Rezeption bereit. Ab 16 Jahren sind Teenager auch alleine in den Discos an Bord willkommen &#8211; allerdings nur bis Mitternacht. Danach d\u00fcrfen auch die \u00fcber 16-j\u00e4hrigen aber noch nicht vollj\u00e4hrigen Teens lediglich in Begleitung eines Erziehungsberechtigten oder -beauftragten bleiben. Was kosten Landausfl\u00fcge f\u00fcr Teenager? Bis zum Alter von 14 Jahren zahlen auch Jugendliche f\u00fcr die meisten Landausfl\u00fcge einen erm\u00e4\u00dfigten Kinderpreis. In den Angebotsseiten auf dem Meine Reise Portal sind sie gesondert vom Erwachsenenpreis aufgef\u00fchrt. Besonders in Betracht d\u00fcrften hier Familienausfl\u00fcge sowie familiengeeignete Ausfl\u00fcge kommen. F\u00fcr spezielle Teenager-Ausfl\u00fcge gibt es allerdings keine verg\u00fcnstigten Preise. Sie werden von der Teenslounge veranstaltet und finden nur w\u00e4hrend der Schulferien in Deutschland statt. Dar\u00fcber hinaus ist bei einigen weiteren Angeboten kein Kinderpreis ausgewiesen. Hierbei handelt es sich um Landausfl\u00fcge, die erst ab einem bestimmten Alter oder auch einer bestimmten K\u00f6rpergr\u00f6\u00dfe geeignet sind. Insbesondere f\u00fcr j\u00fcngere Teenager kommen sie in der Regel nicht in Frage. Tipp: Was an Bord angesagt ist, erfahren Teenager schon beim Check-In. Hier erhalten sie n\u00e4mlich die eigens f\u00fcr sie verfasste Bordzeitung &#8218;Flaschenpost&#8216;.<\/p>\n","protected":false},"author":1,"featured_media":0,"parent":0,"menu_order":0,"comment_status":"closed","ping_status":"closed","template":"","meta":{"_monsterinsights_skip_tracking":false,"_monsterinsights_sitenote_active":false,"_monsterinsights_sitenote_note":"","_monsterinsights_sitenote_category":0,"footnotes":""},"class_list":["post-9","page","type-page","status-publish","hentry"],"_links":{"self":[{"href":"https:\/\/mein-schiff-mit-kind.de\/index.php?rest_route=\/wp\/v2\/pages\/9","targetHints":{"allow":["GET"]}}],"collection":[{"href":"https:\/\/mein-schiff-mit-kind.de\/index.php?rest_route=\/wp\/v2\/pages"}],"about":[{"href":"https:\/\/mein-schiff-mit-kind.de\/index.php?rest_route=\/wp\/v2\/types\/page"}],"author":[{"embeddable":true,"href":"https:\/\/mein-schiff-mit-kind.de\/index.php?rest_route=\/wp\/v2\/users\/1"}],"replies":[{"embeddable":true,"href":"https:\/\/mein-schiff-mit-kind.de\/index.php?rest_route=%2Fwp%2Fv2%2Fcomments&post=9"}],"version-history":[{"count":3,"href":"https:\/\/mein-schiff-mit-kind.de\/index.php?rest_route=\/wp\/v2\/pages\/9\/revisions"}],"predecessor-version":[{"id":23,"href":"https:\/\/mein-schiff-mit-kind.de\/index.php?rest_route=\/wp\/v2\/pages\/9\/revisions\/23"}],"wp:attachment":[{"href":"https:\/\/mein-schiff-mit-kind.de\/index.php?rest_route=%2Fwp%2Fv2%2Fmedia&parent=9"}],"curies":[{"name":"wp","href":"https:\/\/api.w.org\/{rel}","templated":true}]}}